{"id":3150,"date":"2019-11-15T11:36:34","date_gmt":"2019-11-15T11:36:34","guid":{"rendered":"https:\/\/www.hidden-games.de\/?page_id=3150"},"modified":"2020-01-16T08:58:34","modified_gmt":"2020-01-16T08:58:34","slug":"procedure","status":"publish","type":"page","link":"https:\/\/www.hidden-games.ch\/en\/zurich\/procedure\/","title":{"rendered":"How it works"},"content":{"rendered":"<div class=\"module banner banner--small\" >\n    <div class=\"banner__media\">\n                    \n    <picture\n                class=\"picture  picture--hero\"\n    >\n                <source data-srcset=\"https:\/\/www.hidden-games.ch\/wp-content\/uploads\/2019\/10\/Hidden-in-zuerich_lagerhaus-800x533.jpg\" media=\"(max-width: 700px)\"\/>\n                <source data-srcset=\"https:\/\/www.hidden-games.ch\/wp-content\/uploads\/2019\/10\/Hidden-in-zuerich_lagerhaus-1600x1067.jpg\" media=\"(max-width: 860px)\"\/>\n                <img decoding=\"async\"\n            src=\"\"\n            data-srcset=\"https:\/\/www.hidden-games.ch\/wp-content\/uploads\/2019\/10\/Hidden-in-zuerich_lagerhaus-1600x1067.jpg 1x, https:\/\/www.hidden-games.ch\/wp-content\/uploads\/2019\/10\/Hidden-in-zuerich_lagerhaus.jpg 2x\"\n            class=\"lazyload picture__image\"\n            alt=\"\"\n            title=\"Hidden-in-zuerich_lagerhaus\"\/>\n\n        <noscript>\n            <img decoding=\"async\" src=\"https:\/\/www.hidden-games.ch\/wp-content\/uploads\/2019\/10\/Hidden-in-zuerich_lagerhaus.jpg\" alt=\"\" title=\"Hidden-in-zuerich_lagerhaus\"\/>\n        <\/noscript>\n    <\/picture>\n\n                <\/div>\n    <div class=\"banner__content container\">\n        <span class=\"topline \">Procedure<\/span>\n                    <h1>Here we go!<\/h1>\n        \n        \n        \n                \n    <\/div>\n<\/div>\n\n\n<div class=\"module text text--centered\">\n    <div class=\"container\">\n        <div class=\"text__content\">\n            <h2>soon it starts&#8230;<\/h2>\n<p>Our Escape Rooms are located in D\u00fcbendorf directly in the Bowling Center of Prestige Bowling. You can choose between three exciting Escape Room adventures and forget the time for an hour. Find out exactly how your visit to us is going.<\/p>\n        <\/div>\n    <\/div>\n<\/div>\n\n\n<div class=\"module icon-list\">\n    <div class=\"icon-list__wrapper\">\n        <div class=\"container\">\n                                        <div class=\"icon-list__grid grid grid--big-gaps size--3 size--tp-6 size--m-12\">\n                                            <div class=\"icon-list__item\">\n                                                            <div class=\"icon-list__icon\">\n                                    \n    <picture\n        style=\"padding-top: 100%\"         class=\"picture \"\n    >\n                <source data-srcset=\"https:\/\/www.hidden-games.ch\/wp-content\/uploads\/2019\/10\/hidden__stopwatch.svg\" media=\"(max-width: 700px)\"\/>\n                <source data-srcset=\"https:\/\/www.hidden-games.ch\/wp-content\/uploads\/2019\/10\/hidden__stopwatch.svg\" media=\"(max-width: 860px)\"\/>\n                <img decoding=\"async\"\n            src=\"\"\n            data-srcset=\"https:\/\/www.hidden-games.ch\/wp-content\/uploads\/2019\/10\/hidden__stopwatch.svg 1x, https:\/\/www.hidden-games.ch\/wp-content\/uploads\/2019\/10\/hidden__stopwatch.svg 2x\"\n            class=\"lazyload picture__image\"\n            alt=\"\"\n            title=\"hidden__stopwatch\"\/>\n\n        <noscript>\n            <img decoding=\"async\" src=\"https:\/\/www.hidden-games.ch\/wp-content\/uploads\/2019\/10\/hidden__stopwatch.svg\" alt=\"\" title=\"hidden__stopwatch\"\/>\n        <\/noscript>\n    <\/picture>\n\n                                    <\/div>\n                                                        <div>\n                                Please be with us 10 minutes before the start of the game.                            <\/div>\n                        <\/div>\n                                            <div class=\"icon-list__item\">\n                                                            <div class=\"icon-list__icon\">\n                                    \n    <picture\n        style=\"padding-top: 100%\"         class=\"picture \"\n    >\n                <source data-srcset=\"https:\/\/www.hidden-games.ch\/wp-content\/uploads\/2019\/10\/hidden__schluessel.svg\" media=\"(max-width: 700px)\"\/>\n                <source data-srcset=\"https:\/\/www.hidden-games.ch\/wp-content\/uploads\/2019\/10\/hidden__schluessel.svg\" media=\"(max-width: 860px)\"\/>\n                <img decoding=\"async\"\n            src=\"\"\n            data-srcset=\"https:\/\/www.hidden-games.ch\/wp-content\/uploads\/2019\/10\/hidden__schluessel.svg 1x, https:\/\/www.hidden-games.ch\/wp-content\/uploads\/2019\/10\/hidden__schluessel.svg 2x\"\n            class=\"lazyload picture__image\"\n            alt=\"\"\n            title=\"hidden__schluessel\"\/>\n\n        <noscript>\n            <img decoding=\"async\" src=\"https:\/\/www.hidden-games.ch\/wp-content\/uploads\/2019\/10\/hidden__schluessel.svg\" alt=\"\" title=\"hidden__schluessel\"\/>\n        <\/noscript>\n    <\/picture>\n\n                                    <\/div>\n                                                        <div>\n                                You can lock your valuables with us.                            <\/div>\n                        <\/div>\n                                            <div class=\"icon-list__item\">\n                                                            <div class=\"icon-list__icon\">\n                                    \n    <picture\n        style=\"padding-top: 100%\"         class=\"picture \"\n    >\n                <source data-srcset=\"https:\/\/www.hidden-games.ch\/wp-content\/uploads\/2019\/10\/hidden__zahnrad.svg\" media=\"(max-width: 700px)\"\/>\n                <source data-srcset=\"https:\/\/www.hidden-games.ch\/wp-content\/uploads\/2019\/10\/hidden__zahnrad.svg\" media=\"(max-width: 860px)\"\/>\n                <img decoding=\"async\"\n            src=\"\"\n            data-srcset=\"https:\/\/www.hidden-games.ch\/wp-content\/uploads\/2019\/10\/hidden__zahnrad.svg 1x, https:\/\/www.hidden-games.ch\/wp-content\/uploads\/2019\/10\/hidden__zahnrad.svg 2x\"\n            class=\"lazyload picture__image\"\n            alt=\"\"\n            title=\"hidden__zahnrad\"\/>\n\n        <noscript>\n            <img decoding=\"async\" src=\"https:\/\/www.hidden-games.ch\/wp-content\/uploads\/2019\/10\/hidden__zahnrad.svg\" alt=\"\" title=\"hidden__zahnrad\"\/>\n        <\/noscript>\n    <\/picture>\n\n                                    <\/div>\n                                                        <div>\n                                Our game masters will explain the game to you.                            <\/div>\n                        <\/div>\n                                            <div class=\"icon-list__item\">\n                                                            <div class=\"icon-list__icon\">\n                                    \n    <picture\n        style=\"padding-top: 100%\"         class=\"picture \"\n    >\n                <source data-srcset=\"https:\/\/www.hidden-games.ch\/wp-content\/uploads\/2019\/10\/hidden__boom.svg\" media=\"(max-width: 700px)\"\/>\n                <source data-srcset=\"https:\/\/www.hidden-games.ch\/wp-content\/uploads\/2019\/10\/hidden__boom.svg\" media=\"(max-width: 860px)\"\/>\n                <img decoding=\"async\"\n            src=\"\"\n            data-srcset=\"https:\/\/www.hidden-games.ch\/wp-content\/uploads\/2019\/10\/hidden__boom.svg 1x, https:\/\/www.hidden-games.ch\/wp-content\/uploads\/2019\/10\/hidden__boom.svg 2x\"\n            class=\"lazyload picture__image\"\n            alt=\"\"\n            title=\"hidden__boom\"\/>\n\n        <noscript>\n            <img decoding=\"async\" src=\"https:\/\/www.hidden-games.ch\/wp-content\/uploads\/2019\/10\/hidden__boom.svg\" alt=\"\" title=\"hidden__boom\"\/>\n        <\/noscript>\n    <\/picture>\n\n                                    <\/div>\n                                                        <div>\n                                And then it&#8217;s starting and you&#8217;re going on an adventure!                            <\/div>\n                        <\/div>\n                                    <\/div>\n                    <\/div>\n    <\/div>\n<\/div>\n\n\n<div class=\"module text-columns\">\n    <div class=\"container\">\n                            <div class=\"grid grid--big-gaps size--6 size--tp-6 size--m-12\">\n                                    <div class=\"text-columns__item\">\n                                                \n                        <div>                                                    <\/div>                        <h2>how it works<\/h2>\n<p>In our rooms, you and your team will have to work together on various adventures. Stop Dr. Danger before he plans a new assassination attempt, decipher the secret of the National Bank or track down the mysterious events in Murphy&#8217;s Pub.<\/p>\n<p>Your goal is to complete each mission within 60 minutes. You slip into the role of the main characters of the story, would have to solve many puzzles, find hidden doors and even think around the corner. Do you accept the challenge?<\/p>\n<p>&nbsp;<\/p>\n                                            <\/div>\n                                    <div class=\"text-columns__item\">\n                                                \n                        <div>                                                    <\/div>                        <h2>EXECUTION<\/h2>\n<p>You will be welcomed on site by our game masters. Of course you will receive a detailed introduction to the game concept. Afterwards you can lock your valuables and forget the real world for one hour. And then it all starts and you and your team are on your own&#8230;<\/p>\n<p>After the game we take a picture of you and exchange our experiences. And you leave with a broad smile on your face &#8211; that&#8217;s a promise. For a visit you should plan about 1,5 hours time.<\/p>\n<p>&nbsp;<\/p>\n                                            <\/div>\n                            <\/div>\n            <\/div>\n<\/div>\n\n\n<div class=\"module reviews\">\n    \n    <picture\n                class=\"picture reviews__image picture--hero\"\n    >\n                <source data-srcset=\"https:\/\/www.hidden-games.ch\/wp-content\/uploads\/2019\/10\/Hidden-in-zuerich_murphys_pub-800x533.jpg\" media=\"(max-width: 700px)\"\/>\n                <source data-srcset=\"https:\/\/www.hidden-games.ch\/wp-content\/uploads\/2019\/10\/Hidden-in-zuerich_murphys_pub-1600x1067.jpg\" media=\"(max-width: 860px)\"\/>\n                <img decoding=\"async\"\n            src=\"\"\n            data-srcset=\"https:\/\/www.hidden-games.ch\/wp-content\/uploads\/2019\/10\/Hidden-in-zuerich_murphys_pub-1600x1067.jpg 1x, https:\/\/www.hidden-games.ch\/wp-content\/uploads\/2019\/10\/Hidden-in-zuerich_murphys_pub.jpg 2x\"\n            class=\"lazyload picture__image\"\n            alt=\"\"\n            title=\"Hidden-in-zuerich_murphys_pub\"\/>\n\n        <noscript>\n            <img decoding=\"async\" src=\"https:\/\/www.hidden-games.ch\/wp-content\/uploads\/2019\/10\/Hidden-in-zuerich_murphys_pub.jpg\" alt=\"\" title=\"Hidden-in-zuerich_murphys_pub\"\/>\n        <\/noscript>\n    <\/picture>\n\n        <div class=\"reviews__content\">\n                    <div class=\"slideshow\">\n                <div class=\"slideshow__list\">\n                                            <div class=\"slideshow__item\">\n                                                                                        <span class=\"reviews__stars reviews__stars--5\">5 Sterne<\/span>\n                                                        <span class=\"reviews__topline\">That\u00b4s what they all say&#8230;<\/span>\n                            <blockquote class=\"reviews__quote\">\n                                <p>Wir hatten das Vergn\u00fcgen gleich 2 R\u00e4ume zu spielen. Die Nationalbank und das Warehouse. Kann ich nur weiterempfehlen!Super Konzept, tolles Personal.<\/p>\n                            <\/blockquote>\n                            <span class=\"reviews__author\">Silvana H.<\/span>\n                        <\/div>\n                                            <div class=\"slideshow__item\">\n                                                                                        <span class=\"reviews__stars reviews__stars--5\">5 Sterne<\/span>\n                                                        <span class=\"reviews__topline\">That\u00b4s what they all say&#8230;<\/span>\n                            <blockquote class=\"reviews__quote\">\n                                <p>Wir besuchten als Arbeitsteam drei R\u00e4ume mit je 4-5 Personen. Hat uns echt Spass gemacht. Toller Event f\u00fcr Gruppen verschiedenen Alters und Interessen.<\/p>\n                            <\/blockquote>\n                            <span class=\"reviews__author\">Matthias S.<\/span>\n                        <\/div>\n                                            <div class=\"slideshow__item\">\n                                                                                        <span class=\"reviews__stars reviews__stars--5\">5 Sterne<\/span>\n                                                        <span class=\"reviews__topline\">That\u00b4s what they all say&#8230;<\/span>\n                            <blockquote class=\"reviews__quote\">\n                                <p>Wir haben zu viert Dr. Danger gespielt und dabei viel Spass gehabt! Die Unterst\u00fctzung mit einem Tip vom Gamemaster war perfekt getimt, nicht zu fr\u00fch und nicht zu sp\u00e4t. Eine Minute vor Schluss waren wir draussen. Freue mich schon auf die andern R\u00e4ume.<\/p>\n                            <\/blockquote>\n                            <span class=\"reviews__author\">Pit F.<\/span>\n                        <\/div>\n                                            <div class=\"slideshow__item\">\n                                                                                        <span class=\"reviews__stars reviews__stars--5\">5 Sterne<\/span>\n                                                        <span class=\"reviews__topline\">That\u00b4s what they all say&#8230;<\/span>\n                            <blockquote class=\"reviews__quote\">\n                                <p>Wir durften ein super spannender Abend erleben. Der Escape Room war spitzenm\u00e4ssig. Mit einer tollen Teamleistung ist es m\u00f6glich innerhalb von 60 Minuten die R\u00e4tsel zul\u00f6sen. Danke an Rolf f\u00fcr die Instruktion und das coole Feedback zum Schluss. Wir freuen uns aufs n\u00e4chste Mal.<\/p>\n                            <\/blockquote>\n                            <span class=\"reviews__author\">Dominik S.<\/span>\n                        <\/div>\n                                    <\/div>\n            <\/div>\n                        <\/div>\n<\/div>\n\n\n<div class=\"module text-columns\">\n    <div class=\"container\">\n                            <div class=\"grid grid--big-gaps size--12 size--tp-12 size--m-12\">\n                                    <div class=\"text-columns__item\">\n                                                \n                        <div>                                                    <\/div>                        <h2>Here are the most frequently asked questions. more answers you can find <a href=\"\/escape-room-hamburg\/faq\/\">here<\/a><\/h2>\n                                            <\/div>\n                            <\/div>\n            <\/div>\n<\/div>\n\n\n<div class=\"module accordion\">\n    <div class=\"container\">\n                    <ul role=\"presentation\" class=\"accordion__list\">\n                                    <li class=\"accordion__item\">\n                        <button role=\"heading\" aria-expanded=\"false\" class=\"accordion__title\" type=\"button\">\n                            What happens if our team size changes spontaneously?                        <\/button>\n\n                        <div class=\"accordion__wrapper\">\n                            <div class=\"accordion__content\">\n                                <p>If your team size changes, it&#8217;s no problem. We will then adjust the price on site. Please keep in mind that the minimum price of 98 CHF cannot be undercut.<\/p>\n<p>You can easily pay the difference to your booked price on the spot or you will receive a voucher in the corresponding amount if you have already paid online.<\/p>\n                            <\/div>\n                        <\/div>\n                    <\/li>\n                                    <li class=\"accordion__item\">\n                        <button role=\"heading\" aria-expanded=\"false\" class=\"accordion__title\" type=\"button\">\n                            How much is the fun?                        <\/button>\n\n                        <div class=\"accordion__wrapper\">\n                            <div class=\"accordion__content\">\n                                <p>The price per person varies according to the size of the group. The more people you play with, the cheaper the experience per person will be. For 6-8 pesons the price is 30 CHF per person, for a game with only two players it is 49 CHF per person.<\/p>\n                            <\/div>\n                        <\/div>\n                    <\/li>\n                                    <li class=\"accordion__item\">\n                        <button role=\"heading\" aria-expanded=\"false\" class=\"accordion__title\" type=\"button\">\n                            How can we pay?                         <\/button>\n\n                        <div class=\"accordion__wrapper\">\n                            <div class=\"accordion__content\">\n                                <p>Once you have decided on an appointment, you can either pay online (e.g. by Paypal or credit card) or you can decide to pay on site.<\/p>\n<p>Payment by invoice or bank transfer is only possible in exceptional cases and exclusively for corporate customers. Of course you will receive an invoice for your bookkeeping during your visit.<\/p>\n                            <\/div>\n                        <\/div>\n                    <\/li>\n                            <\/ul>\n            <\/div>\n<\/div>\n\n\n<div class=\"module text-columns\">\n    <div class=\"container\">\n                            <div class=\"grid grid--big-gaps size--12 size--tp-12 size--m-12\">\n                                    <div class=\"text-columns__item\">\n                                                \n                        <div>                                                    <\/div>                        <h2 style=\"text-align: center;\">Hidden in Zurich<\/h2>\n<h5 style=\"text-align: center;\">Kriesbachstrasse 4, 8600 D\u00fcbendorf<\/h5>\n<h5><\/h5>\n<p style=\"text-align: center;\">Our Escape Rooms are all located in D\u00fcbendorf directly in the Bowling Center of Prestige Bowling. You can reach us from Zurich main station in 15 minutes.<\/p>\n<p style=\"text-align: center;\">If you travel by public transport, we recommend that you take the S9 or S14 from Zurich Central Station. In D\u00fcbendorf you can walk to us in 5 minutes or take the bus again to D\u00fcbendorf Grund.<\/p>\n<p style=\"text-align: center;\">If you come by car, you can use all Prestige Bowling parking spaces between Monday and Friday from 8 am to 5 pm. All other company parking spaces (except ISO) can also be used daily from 5 p.m. as well as on Saturdays and Sundays. Of course all these parking spaces are free of charge for you.<\/p>\n<p style=\"text-align: center;\">\n                                            <\/div>\n                            <\/div>\n            <\/div>\n<\/div>\n","protected":false},"excerpt":{"rendered":"","protected":false},"author":2,"featured_media":0,"parent":2747,"menu_order":28,"comment_status":"closed","ping_status":"closed","template":"","meta":{"_acf_changed":false,"footnotes":""},"class_list":["post-3150","page","type-page","status-publish","hentry"],"acf":[],"yoast_head":"<!-- This site is optimized with the Yoast SEO plugin v27.4 - https:\/\/yoast.com\/product\/yoast-seo-wordpress\/ -->\n<title>How it works - Hidden Games<\/title>\n<meta name=\"robots\" content=\"index, follow, max-snippet:-1, max-image-preview:large, max-video-preview:-1\" \/>\n<link rel=\"canonical\" href=\"https:\/\/www.hidden-games.ch\/en\/zurich\/procedure\/\" \/>\n<meta property=\"og:locale\" content=\"en_US\" \/>\n<meta property=\"og:type\" content=\"article\" \/>\n<meta property=\"og:title\" content=\"How it works - Hidden Games\" \/>\n<meta property=\"og:url\" content=\"https:\/\/www.hidden-games.ch\/en\/zurich\/procedure\/\" \/>\n<meta property=\"og:site_name\" content=\"Hidden Games\" \/>\n<meta property=\"article:modified_time\" content=\"2020-01-16T08:58:34+00:00\" \/>\n<meta name=\"twitter:card\" content=\"summary_large_image\" \/>\n<script type=\"application\/ld+json\" class=\"yoast-schema-graph\">{\"@context\":\"https:\\\/\\\/schema.org\",\"@graph\":[{\"@type\":\"WebPage\",\"@id\":\"https:\\\/\\\/www.hidden-games.ch\\\/en\\\/zurich\\\/procedure\\\/\",\"url\":\"https:\\\/\\\/www.hidden-games.ch\\\/en\\\/zurich\\\/procedure\\\/\",\"name\":\"How it works - Hidden Games\",\"isPartOf\":{\"@id\":\"https:\\\/\\\/www.hidden-games.ch\\\/en\\\/#website\"},\"datePublished\":\"2019-11-15T11:36:34+00:00\",\"dateModified\":\"2020-01-16T08:58:34+00:00\",\"breadcrumb\":{\"@id\":\"https:\\\/\\\/www.hidden-games.ch\\\/en\\\/zurich\\\/procedure\\\/#breadcrumb\"},\"inLanguage\":\"en-US\",\"potentialAction\":[{\"@type\":\"ReadAction\",\"target\":[\"https:\\\/\\\/www.hidden-games.ch\\\/en\\\/zurich\\\/procedure\\\/\"]}]},{\"@type\":\"BreadcrumbList\",\"@id\":\"https:\\\/\\\/www.hidden-games.ch\\\/en\\\/zurich\\\/procedure\\\/#breadcrumb\",\"itemListElement\":[{\"@type\":\"ListItem\",\"position\":1,\"name\":\"Home\",\"item\":\"https:\\\/\\\/www.hidden-games.ch\\\/en\\\/\"},{\"@type\":\"ListItem\",\"position\":2,\"name\":\"Zurich\",\"item\":\"https:\\\/\\\/www.hidden-games.ch\\\/en\\\/\"},{\"@type\":\"ListItem\",\"position\":3,\"name\":\"How it works\"}]},{\"@type\":\"WebSite\",\"@id\":\"https:\\\/\\\/www.hidden-games.ch\\\/en\\\/#website\",\"url\":\"https:\\\/\\\/www.hidden-games.ch\\\/en\\\/\",\"name\":\"Hidden Games\",\"description\":\"Escape Rooms in Germany and Switzerland\",\"potentialAction\":[{\"@type\":\"SearchAction\",\"target\":{\"@type\":\"EntryPoint\",\"urlTemplate\":\"https:\\\/\\\/www.hidden-games.ch\\\/en\\\/?s={search_term_string}\"},\"query-input\":{\"@type\":\"PropertyValueSpecification\",\"valueRequired\":true,\"valueName\":\"search_term_string\"}}],\"inLanguage\":\"en-US\"}]}<\/script>\n<!-- \/ Yoast SEO plugin. -->","yoast_head_json":{"title":"How it works - Hidden Games","robots":{"index":"index","follow":"follow","max-snippet":"max-snippet:-1","max-image-preview":"max-image-preview:large","max-video-preview":"max-video-preview:-1"},"canonical":"https:\/\/www.hidden-games.ch\/en\/zurich\/procedure\/","og_locale":"en_US","og_type":"article","og_title":"How it works - Hidden Games","og_url":"https:\/\/www.hidden-games.ch\/en\/zurich\/procedure\/","og_site_name":"Hidden Games","article_modified_time":"2020-01-16T08:58:34+00:00","twitter_card":"summary_large_image","schema":{"@context":"https:\/\/schema.org","@graph":[{"@type":"WebPage","@id":"https:\/\/www.hidden-games.ch\/en\/zurich\/procedure\/","url":"https:\/\/www.hidden-games.ch\/en\/zurich\/procedure\/","name":"How it works - Hidden Games","isPartOf":{"@id":"https:\/\/www.hidden-games.ch\/en\/#website"},"datePublished":"2019-11-15T11:36:34+00:00","dateModified":"2020-01-16T08:58:34+00:00","breadcrumb":{"@id":"https:\/\/www.hidden-games.ch\/en\/zurich\/procedure\/#breadcrumb"},"inLanguage":"en-US","potentialAction":[{"@type":"ReadAction","target":["https:\/\/www.hidden-games.ch\/en\/zurich\/procedure\/"]}]},{"@type":"BreadcrumbList","@id":"https:\/\/www.hidden-games.ch\/en\/zurich\/procedure\/#breadcrumb","itemListElement":[{"@type":"ListItem","position":1,"name":"Home","item":"https:\/\/www.hidden-games.ch\/en\/"},{"@type":"ListItem","position":2,"name":"Zurich","item":"https:\/\/www.hidden-games.ch\/en\/"},{"@type":"ListItem","position":3,"name":"How it works"}]},{"@type":"WebSite","@id":"https:\/\/www.hidden-games.ch\/en\/#website","url":"https:\/\/www.hidden-games.ch\/en\/","name":"Hidden Games","description":"Escape Rooms in Germany and Switzerland","potentialAction":[{"@type":"SearchAction","target":{"@type":"EntryPoint","urlTemplate":"https:\/\/www.hidden-games.ch\/en\/?s={search_term_string}"},"query-input":{"@type":"PropertyValueSpecification","valueRequired":true,"valueName":"search_term_string"}}],"inLanguage":"en-US"}]}},"_links":{"self":[{"href":"https:\/\/www.hidden-games.ch\/en\/wp-json\/wp\/v2\/pages\/3150","targetHints":{"allow":["GET"]}}],"collection":[{"href":"https:\/\/www.hidden-games.ch\/en\/wp-json\/wp\/v2\/pages"}],"about":[{"href":"https:\/\/www.hidden-games.ch\/en\/wp-json\/wp\/v2\/types\/page"}],"author":[{"embeddable":true,"href":"https:\/\/www.hidden-games.ch\/en\/wp-json\/wp\/v2\/users\/2"}],"replies":[{"embeddable":true,"href":"https:\/\/www.hidden-games.ch\/en\/wp-json\/wp\/v2\/comments?post=3150"}],"version-history":[{"count":3,"href":"https:\/\/www.hidden-games.ch\/en\/wp-json\/wp\/v2\/pages\/3150\/revisions"}],"predecessor-version":[{"id":3381,"href":"https:\/\/www.hidden-games.ch\/en\/wp-json\/wp\/v2\/pages\/3150\/revisions\/3381"}],"up":[{"embeddable":true,"href":"https:\/\/www.hidden-games.ch\/en\/wp-json\/wp\/v2\/pages\/2747"}],"wp:attachment":[{"href":"https:\/\/www.hidden-games.ch\/en\/wp-json\/wp\/v2\/media?parent=3150"}],"curies":[{"name":"wp","href":"https:\/\/api.w.org\/{rel}","templated":true}]}}