{"id":3153,"date":"2019-11-15T11:46:35","date_gmt":"2019-11-15T11:46:35","guid":{"rendered":"https:\/\/www.hidden-games.de\/?page_id=3153"},"modified":"2020-01-16T09:01:53","modified_gmt":"2020-01-16T09:01:53","slug":"team-events","status":"publish","type":"page","link":"https:\/\/www.hidden-games.ch\/en\/zurich\/team-events\/","title":{"rendered":"Team Events"},"content":{"rendered":"<div class=\"module banner banner--small\" >\n    <div class=\"banner__media\">\n                    \n    <picture\n                class=\"picture  picture--hero\"\n    >\n                <source data-srcset=\"https:\/\/www.hidden-games.ch\/wp-content\/uploads\/2019\/10\/Hidden-in-zuerich_nationalbank-800x533.jpg\" media=\"(max-width: 700px)\"\/>\n                <source data-srcset=\"https:\/\/www.hidden-games.ch\/wp-content\/uploads\/2019\/10\/Hidden-in-zuerich_nationalbank-1600x1067.jpg\" media=\"(max-width: 860px)\"\/>\n                <img decoding=\"async\"\n            src=\"\"\n            data-srcset=\"https:\/\/www.hidden-games.ch\/wp-content\/uploads\/2019\/10\/Hidden-in-zuerich_nationalbank-1600x1067.jpg 1x, https:\/\/www.hidden-games.ch\/wp-content\/uploads\/2019\/10\/Hidden-in-zuerich_nationalbank.jpg 2x\"\n            class=\"lazyload picture__image\"\n            alt=\"\"\n            title=\"Hidden-in-zuerich_nationalbank\"\/>\n\n        <noscript>\n            <img decoding=\"async\" src=\"https:\/\/www.hidden-games.ch\/wp-content\/uploads\/2019\/10\/Hidden-in-zuerich_nationalbank.jpg\" alt=\"\" title=\"Hidden-in-zuerich_nationalbank\"\/>\n        <\/noscript>\n    <\/picture>\n\n                <\/div>\n    <div class=\"banner__content container\">\n        <span class=\"topline \">Team Events<\/span>\n                    <h1>Venture the adventure<\/h1>\n        \n        \n        \n                \n    <\/div>\n<\/div>\n\n\n<div class=\"module text text--centered\">\n    <div class=\"container\">\n        <div class=\"text__content\">\n            <h2>Our Escape Rooms are suitable for various occasions &#8211; team events, bachelor parties or children&#8217;s birthday parties!<\/h2>\n        <\/div>\n    <\/div>\n<\/div>\n\n\n<div class=\"module text-columns\">\n    <div class=\"container\">\n                            <div class=\"grid grid--big-gaps size--6 size--tp-6 size--m-12\">\n                                    <div class=\"text-columns__item\">\n                                                \n                        <a href='\/en\/escape-room-zurich\/team-events\/company-excursions\/'>                                                            <div class=\"text-text__image\">\n                                    \n    <picture\n        style=\"padding-top: 66.666666666667%\"         class=\"picture text-columns__picture\"\n    >\n                <source data-srcset=\"https:\/\/www.hidden-games.ch\/wp-content\/uploads\/2019\/10\/Hidden-in-zuerich_lagerhaus-800x533.jpg\" media=\"(max-width: 700px)\"\/>\n                <source data-srcset=\"https:\/\/www.hidden-games.ch\/wp-content\/uploads\/2019\/10\/Hidden-in-zuerich_lagerhaus-800x533.jpg\" media=\"(max-width: 860px)\"\/>\n                <img decoding=\"async\"\n            src=\"\"\n            data-srcset=\"https:\/\/www.hidden-games.ch\/wp-content\/uploads\/2019\/10\/Hidden-in-zuerich_lagerhaus-600x400.jpg 1x, https:\/\/www.hidden-games.ch\/wp-content\/uploads\/2019\/10\/Hidden-in-zuerich_lagerhaus-1024x683.jpg 2x\"\n            class=\"lazyload picture__image\"\n            alt=\"\"\n            title=\"Hidden-in-zuerich_lagerhaus\"\/>\n\n        <noscript>\n            <img decoding=\"async\" src=\"https:\/\/www.hidden-games.ch\/wp-content\/uploads\/2019\/10\/Hidden-in-zuerich_lagerhaus-1024x683.jpg\" alt=\"\" title=\"Hidden-in-zuerich_lagerhaus\"\/>\n        <\/noscript>\n    <\/picture>\n\n                                    <\/div>\n                                                    <\/a>                        <h3>COMPANY EXCURSION<\/h3>\n<p>Are you looking for an extraordinary company excursion in Zurich? We have something for you. We will put together a great experience for you for up to 100 people and guarantee you a successful day with your team.<\/p>\n                        <a href='\/en\/escape-room-zurich\/team-events\/company-excursions\/' class=\"button button--border\">Company excursion at Hidden Games<\/a>                    <\/div>\n                                    <div class=\"text-columns__item\">\n                                                \n                        <a href='\/en\/escape-room-zurich\/teamevents\/bachelor-party\/'>                                                            <div class=\"text-text__image\">\n                                    \n    <picture\n        style=\"padding-top: 66.666666666667%\"         class=\"picture text-columns__picture\"\n    >\n                <source data-srcset=\"https:\/\/www.hidden-games.ch\/wp-content\/uploads\/2019\/10\/Hidden-in-zuerich_murphys_pub-800x533.jpg\" media=\"(max-width: 700px)\"\/>\n                <source data-srcset=\"https:\/\/www.hidden-games.ch\/wp-content\/uploads\/2019\/10\/Hidden-in-zuerich_murphys_pub-800x533.jpg\" media=\"(max-width: 860px)\"\/>\n                <img decoding=\"async\"\n            src=\"\"\n            data-srcset=\"https:\/\/www.hidden-games.ch\/wp-content\/uploads\/2019\/10\/Hidden-in-zuerich_murphys_pub-600x400.jpg 1x, https:\/\/www.hidden-games.ch\/wp-content\/uploads\/2019\/10\/Hidden-in-zuerich_murphys_pub-1024x683.jpg 2x\"\n            class=\"lazyload picture__image\"\n            alt=\"\"\n            title=\"Hidden-in-zuerich_murphys_pub\"\/>\n\n        <noscript>\n            <img decoding=\"async\" src=\"https:\/\/www.hidden-games.ch\/wp-content\/uploads\/2019\/10\/Hidden-in-zuerich_murphys_pub-1024x683.jpg\" alt=\"\" title=\"Hidden-in-zuerich_murphys_pub\"\/>\n        <\/noscript>\n    <\/picture>\n\n                                    <\/div>\n                                                    <\/a>                        <h3>BACHELOR PARTY<\/h3>\n<p>Many bachelor parties celebrate this very special day in our Escape Rooms in D\u00fcbendorf. Let your team start the day with a challenge and get to know each other even better.<\/p>\n<p>The experience with us is guaranteed to weld you together so well that the rest of the day will be a true team experience. Experience adventure, face challenges and become heroes.<\/p>\n<p>&nbsp;<\/p>\n                        <a href='\/en\/escape-room-zurich\/teamevents\/bachelor-party\/' class=\"button button--border\">Plan a bachelor party<\/a>                    <\/div>\n                            <\/div>\n            <\/div>\n<\/div>\n\n\n<div class=\"module text-columns\">\n    <div class=\"container\">\n                            <div class=\"grid grid--big-gaps size--6 size--tp-6 size--m-12\">\n                                    <div class=\"text-columns__item\">\n                                                \n                        <a href='\/en\/escape-room-zurich\/team-events\/school-trip\/'>                                                            <div class=\"text-text__image\">\n                                    \n    <picture\n        style=\"padding-top: 68.833333333333%\"         class=\"picture text-columns__picture\"\n    >\n                <source data-srcset=\"https:\/\/www.hidden-games.ch\/wp-content\/uploads\/2019\/10\/hidden-in-zuerich_gutschein-800x551.jpg\" media=\"(max-width: 700px)\"\/>\n                <source data-srcset=\"https:\/\/www.hidden-games.ch\/wp-content\/uploads\/2019\/10\/hidden-in-zuerich_gutschein-800x551.jpg\" media=\"(max-width: 860px)\"\/>\n                <img decoding=\"async\"\n            src=\"\"\n            data-srcset=\"https:\/\/www.hidden-games.ch\/wp-content\/uploads\/2019\/10\/hidden-in-zuerich_gutschein-600x413.jpg 1x, https:\/\/www.hidden-games.ch\/wp-content\/uploads\/2019\/10\/hidden-in-zuerich_gutschein-1024x705.jpg 2x\"\n            class=\"lazyload picture__image\"\n            alt=\"\"\n            title=\"hidden-in-zuerich_gutschein\"\/>\n\n        <noscript>\n            <img decoding=\"async\" src=\"https:\/\/www.hidden-games.ch\/wp-content\/uploads\/2019\/10\/hidden-in-zuerich_gutschein-1024x705.jpg\" alt=\"\" title=\"hidden-in-zuerich_gutschein\"\/>\n        <\/noscript>\n    <\/picture>\n\n                                    <\/div>\n                                                    <\/a>                        <h3>SCHOOL TRIPS<\/h3>\n<p>Are you looking for a very special activity for a school trip in Zurich? Then our Escape Rooms are definitely the right thing for you.<\/p>\n<p>The students have to solve a lot of puzzles, find hiding places, use items and open some secret doors within an hour in order to work as a team and solve their tasks successfully.<\/p>\n<p>&nbsp;<\/p>\n                        <a href='\/en\/escape-room-zurich\/team-events\/school-trip\/' class=\"button button--border\">A very special school trip <\/a>                    <\/div>\n                                    <div class=\"text-columns__item\">\n                                                \n                        <a href='\/en\/escape-room-zurich\/team-events\/childrens-birthday-party\/'>                                                    <\/a>                        <h3>CHILDREN`S BIRTHDAY PARTY<\/h3>\n<p>Are you looking for a very special activity for a children&#8217;s birthday party in Zurich? Jump into the adventure in our Escape Rooms!<\/p>\n<p>The children have to solve many tasks together, discover secret doors and work in a team to bring the story to a good end. From the age of 13, children can play the Escape Rooms unaccompanied by an adult. With adults aged 9 and over.<\/p>\n<p>&nbsp;<\/p>\n                        <a href='\/en\/escape-room-zurich\/team-events\/childrens-birthday-party\/' class=\"button button--border\">An unforgetable children\u00b4s birthday party<\/a>                    <\/div>\n                            <\/div>\n            <\/div>\n<\/div>\n\n\n<div class=\"module reviews\">\n    \n    <picture\n                class=\"picture reviews__image picture--hero\"\n    >\n                <source data-srcset=\"https:\/\/www.hidden-games.ch\/wp-content\/uploads\/2019\/09\/Hidden-in-zuerich-nationalbank-800x533.jpg\" media=\"(max-width: 700px)\"\/>\n                <source data-srcset=\"https:\/\/www.hidden-games.ch\/wp-content\/uploads\/2019\/09\/Hidden-in-zuerich-nationalbank-1600x1067.jpg\" media=\"(max-width: 860px)\"\/>\n                <img decoding=\"async\"\n            src=\"\"\n            data-srcset=\"https:\/\/www.hidden-games.ch\/wp-content\/uploads\/2019\/09\/Hidden-in-zuerich-nationalbank-1600x1067.jpg 1x, https:\/\/www.hidden-games.ch\/wp-content\/uploads\/2019\/09\/Hidden-in-zuerich-nationalbank.jpg 2x\"\n            class=\"lazyload picture__image\"\n            alt=\"\"\n            title=\"Hidden in Z\u00fcrich - Nationalbank\"\/>\n\n        <noscript>\n            <img decoding=\"async\" src=\"https:\/\/www.hidden-games.ch\/wp-content\/uploads\/2019\/09\/Hidden-in-zuerich-nationalbank.jpg\" alt=\"\" title=\"Hidden in Z\u00fcrich - Nationalbank\"\/>\n        <\/noscript>\n    <\/picture>\n\n        <div class=\"reviews__content\">\n                    <div class=\"slideshow\">\n                <div class=\"slideshow__list\">\n                                            <div class=\"slideshow__item\">\n                                                                                        <span class=\"reviews__stars reviews__stars--5\">5 Sterne<\/span>\n                                                        <span class=\"reviews__topline\">What the others say<\/span>\n                            <blockquote class=\"reviews__quote\">\n                                <p>Wir hatten das Vergn\u00fcgen gleich 2 R\u00e4ume zu spielen. Die Nationalbank und das Warehouse. Kann ich nur weiterempfehlen!Super Konzept, tolles Personal.<\/p>\n                            <\/blockquote>\n                            <span class=\"reviews__author\">Silvana H.<\/span>\n                        <\/div>\n                                            <div class=\"slideshow__item\">\n                                                                                        <span class=\"reviews__stars reviews__stars--5\">5 Sterne<\/span>\n                                                        <span class=\"reviews__topline\">What the others say<\/span>\n                            <blockquote class=\"reviews__quote\">\n                                <p>Super Escape-Room, sehr authentische Pub-Einrichtung, spannende R\u00e4tsel, gute Erkl\u00e4rungen und Tipps vom Gamemaster! Sehr Empfehlenswert f\u00fcr einen Ausflug mit Kollegen.<\/p>\n                            <\/blockquote>\n                            <span class=\"reviews__author\">Mister M.<\/span>\n                        <\/div>\n                                            <div class=\"slideshow__item\">\n                                                                                        <span class=\"reviews__stars reviews__stars--5\">5 Sterne<\/span>\n                                                        <span class=\"reviews__topline\">What the others say<\/span>\n                            <blockquote class=\"reviews__quote\">\n                                <p>Wir haben die Nationalbank gespielt. Es hatte tolle R\u00e4tsel mit einer coolen Hintergrundgeschichte. Der Raum war liebevoll bis ins kleinste Detail eingerichtet. Und Dominik, unser Spielleiter war sehr nett und hat uns wunderbar betreut. Vielen Dank!<\/p>\n                            <\/blockquote>\n                            <span class=\"reviews__author\">Nadja D.<\/span>\n                        <\/div>\n                                    <\/div>\n            <\/div>\n                        <\/div>\n<\/div>\n\n\n<div class=\"module teaser teaser--image-text\">\n    <div class=\"container\">\n                                    <div class=\"grid grid--vcenter\">\n    <div class=\"teaser__image size--8 size--t-7 size--tp-12\">\n        \n    <picture\n        style=\"padding-top: 57.831325301205%\"         class=\"picture \"\n    >\n                <source data-srcset=\"https:\/\/www.hidden-games.ch\/wp-content\/uploads\/2019\/09\/truck-1660x960.jpg\" media=\"(max-width: 700px)\"\/>\n                <source data-srcset=\"https:\/\/www.hidden-games.ch\/wp-content\/uploads\/2019\/09\/truck-1660x960.jpg\" media=\"(max-width: 860px)\"\/>\n                <img decoding=\"async\"\n            src=\"\"\n            data-srcset=\"https:\/\/www.hidden-games.ch\/wp-content\/uploads\/2019\/09\/truck-830x480.jpg 1x, https:\/\/www.hidden-games.ch\/wp-content\/uploads\/2019\/09\/truck-1660x960.jpg 2x\"\n            class=\"lazyload picture__image\"\n            alt=\"\"\n            title=\"Hidden Games Truck\"\/>\n\n        <noscript>\n            <img decoding=\"async\" src=\"https:\/\/www.hidden-games.ch\/wp-content\/uploads\/2019\/09\/truck-1660x960.jpg\" alt=\"\" title=\"Hidden Games Truck\"\/>\n        <\/noscript>\n    <\/picture>\n\n        <\/div>\n    <div class=\"teaser__text size--4 size--t-5 size--tp-12\">\n        <span class=\"topline\">Mobile Angebote<\/span>\n        <h2>Escape Game Truck und mobile R\u00e4tselkiste<\/h2>\n        <p>Der Escape Room direkt bei eurem Event, sowohl f\u00fcr private Feiern, als auch f\u00fcr Firmenfeiern, Messen und Kongresse einsetzbar.<\/p>\n        <a href='\/mobile-angebote\/' class=\"button button--border\">Mobile Angebote<\/a>    <\/div>\n<\/div>\n                                    <\/div>\n<\/div>\n","protected":false},"excerpt":{"rendered":"","protected":false},"author":2,"featured_media":0,"parent":2747,"menu_order":30,"comment_status":"closed","ping_status":"closed","template":"","meta":{"_acf_changed":false,"footnotes":""},"class_list":["post-3153","page","type-page","status-publish","hentry"],"acf":[],"yoast_head":"<!-- This site is optimized with the Yoast SEO plugin v27.4 - https:\/\/yoast.com\/product\/yoast-seo-wordpress\/ -->\n<title>Team Events - Hidden Games<\/title>\n<meta name=\"robots\" content=\"index, follow, max-snippet:-1, max-image-preview:large, max-video-preview:-1\" \/>\n<link rel=\"canonical\" href=\"https:\/\/www.hidden-games.ch\/en\/zurich\/team-events\/\" \/>\n<meta property=\"og:locale\" content=\"en_US\" \/>\n<meta property=\"og:type\" content=\"article\" \/>\n<meta property=\"og:title\" content=\"Team Events - Hidden Games\" \/>\n<meta property=\"og:url\" content=\"https:\/\/www.hidden-games.ch\/en\/zurich\/team-events\/\" \/>\n<meta property=\"og:site_name\" content=\"Hidden Games\" \/>\n<meta property=\"article:modified_time\" content=\"2020-01-16T09:01:53+00:00\" \/>\n<meta name=\"twitter:card\" content=\"summary_large_image\" \/>\n<script type=\"application\/ld+json\" class=\"yoast-schema-graph\">{\"@context\":\"https:\\\/\\\/schema.org\",\"@graph\":[{\"@type\":\"WebPage\",\"@id\":\"https:\\\/\\\/www.hidden-games.ch\\\/en\\\/zurich\\\/team-events\\\/\",\"url\":\"https:\\\/\\\/www.hidden-games.ch\\\/en\\\/zurich\\\/team-events\\\/\",\"name\":\"Team Events - Hidden Games\",\"isPartOf\":{\"@id\":\"https:\\\/\\\/www.hidden-games.ch\\\/en\\\/#website\"},\"datePublished\":\"2019-11-15T11:46:35+00:00\",\"dateModified\":\"2020-01-16T09:01:53+00:00\",\"breadcrumb\":{\"@id\":\"https:\\\/\\\/www.hidden-games.ch\\\/en\\\/zurich\\\/team-events\\\/#breadcrumb\"},\"inLanguage\":\"en-US\",\"potentialAction\":[{\"@type\":\"ReadAction\",\"target\":[\"https:\\\/\\\/www.hidden-games.ch\\\/en\\\/zurich\\\/team-events\\\/\"]}]},{\"@type\":\"BreadcrumbList\",\"@id\":\"https:\\\/\\\/www.hidden-games.ch\\\/en\\\/zurich\\\/team-events\\\/#breadcrumb\",\"itemListElement\":[{\"@type\":\"ListItem\",\"position\":1,\"name\":\"Home\",\"item\":\"https:\\\/\\\/www.hidden-games.ch\\\/en\\\/\"},{\"@type\":\"ListItem\",\"position\":2,\"name\":\"Zurich\",\"item\":\"https:\\\/\\\/www.hidden-games.ch\\\/en\\\/\"},{\"@type\":\"ListItem\",\"position\":3,\"name\":\"Team Events\"}]},{\"@type\":\"WebSite\",\"@id\":\"https:\\\/\\\/www.hidden-games.ch\\\/en\\\/#website\",\"url\":\"https:\\\/\\\/www.hidden-games.ch\\\/en\\\/\",\"name\":\"Hidden Games\",\"description\":\"Escape Rooms in Germany and Switzerland\",\"potentialAction\":[{\"@type\":\"SearchAction\",\"target\":{\"@type\":\"EntryPoint\",\"urlTemplate\":\"https:\\\/\\\/www.hidden-games.ch\\\/en\\\/?s={search_term_string}\"},\"query-input\":{\"@type\":\"PropertyValueSpecification\",\"valueRequired\":true,\"valueName\":\"search_term_string\"}}],\"inLanguage\":\"en-US\"}]}<\/script>\n<!-- \/ Yoast SEO plugin. -->","yoast_head_json":{"title":"Team Events - Hidden Games","robots":{"index":"index","follow":"follow","max-snippet":"max-snippet:-1","max-image-preview":"max-image-preview:large","max-video-preview":"max-video-preview:-1"},"canonical":"https:\/\/www.hidden-games.ch\/en\/zurich\/team-events\/","og_locale":"en_US","og_type":"article","og_title":"Team Events - Hidden Games","og_url":"https:\/\/www.hidden-games.ch\/en\/zurich\/team-events\/","og_site_name":"Hidden Games","article_modified_time":"2020-01-16T09:01:53+00:00","twitter_card":"summary_large_image","schema":{"@context":"https:\/\/schema.org","@graph":[{"@type":"WebPage","@id":"https:\/\/www.hidden-games.ch\/en\/zurich\/team-events\/","url":"https:\/\/www.hidden-games.ch\/en\/zurich\/team-events\/","name":"Team Events - Hidden Games","isPartOf":{"@id":"https:\/\/www.hidden-games.ch\/en\/#website"},"datePublished":"2019-11-15T11:46:35+00:00","dateModified":"2020-01-16T09:01:53+00:00","breadcrumb":{"@id":"https:\/\/www.hidden-games.ch\/en\/zurich\/team-events\/#breadcrumb"},"inLanguage":"en-US","potentialAction":[{"@type":"ReadAction","target":["https:\/\/www.hidden-games.ch\/en\/zurich\/team-events\/"]}]},{"@type":"BreadcrumbList","@id":"https:\/\/www.hidden-games.ch\/en\/zurich\/team-events\/#breadcrumb","itemListElement":[{"@type":"ListItem","position":1,"name":"Home","item":"https:\/\/www.hidden-games.ch\/en\/"},{"@type":"ListItem","position":2,"name":"Zurich","item":"https:\/\/www.hidden-games.ch\/en\/"},{"@type":"ListItem","position":3,"name":"Team Events"}]},{"@type":"WebSite","@id":"https:\/\/www.hidden-games.ch\/en\/#website","url":"https:\/\/www.hidden-games.ch\/en\/","name":"Hidden Games","description":"Escape Rooms in Germany and Switzerland","potentialAction":[{"@type":"SearchAction","target":{"@type":"EntryPoint","urlTemplate":"https:\/\/www.hidden-games.ch\/en\/?s={search_term_string}"},"query-input":{"@type":"PropertyValueSpecification","valueRequired":true,"valueName":"search_term_string"}}],"inLanguage":"en-US"}]}},"_links":{"self":[{"href":"https:\/\/www.hidden-games.ch\/en\/wp-json\/wp\/v2\/pages\/3153","targetHints":{"allow":["GET"]}}],"collection":[{"href":"https:\/\/www.hidden-games.ch\/en\/wp-json\/wp\/v2\/pages"}],"about":[{"href":"https:\/\/www.hidden-games.ch\/en\/wp-json\/wp\/v2\/types\/page"}],"author":[{"embeddable":true,"href":"https:\/\/www.hidden-games.ch\/en\/wp-json\/wp\/v2\/users\/2"}],"replies":[{"embeddable":true,"href":"https:\/\/www.hidden-games.ch\/en\/wp-json\/wp\/v2\/comments?post=3153"}],"version-history":[{"count":5,"href":"https:\/\/www.hidden-games.ch\/en\/wp-json\/wp\/v2\/pages\/3153\/revisions"}],"predecessor-version":[{"id":3385,"href":"https:\/\/www.hidden-games.ch\/en\/wp-json\/wp\/v2\/pages\/3153\/revisions\/3385"}],"up":[{"embeddable":true,"href":"https:\/\/www.hidden-games.ch\/en\/wp-json\/wp\/v2\/pages\/2747"}],"wp:attachment":[{"href":"https:\/\/www.hidden-games.ch\/en\/wp-json\/wp\/v2\/media?parent=3153"}],"curies":[{"name":"wp","href":"https:\/\/api.w.org\/{rel}","templated":true}]}}